{"id":96,"date":"2023-05-04T15:55:26","date_gmt":"2023-05-04T13:55:26","guid":{"rendered":"http:\/\/violon-solo.ch\/?page_id=96"},"modified":"2023-05-15T10:15:46","modified_gmt":"2023-05-15T08:15:46","slug":"contact","status":"publish","type":"page","link":"https:\/\/violon-solo.ch\/?page_id=96","title":{"rendered":"Contact"},"content":{"rendered":"<p>[et_pb_section fb_built=\u00a0\u00bb1&Prime; admin_label=\u00a0\u00bbHeader\u00a0\u00bb _builder_version=\u00a0\u00bb4.21.0&Prime; _module_preset=\u00a0\u00bbdefault\u00a0\u00bb use_background_color_gradient=\u00a0\u00bbon\u00a0\u00bb background_color_gradient_direction=\u00a0\u00bb90deg\u00a0\u00bb background_color_gradient_stops=\u00a0\u00bb#ffffff 50%|rgba(255,255,255,0) 50%\u00a0\u00bb background_color_gradient_overlays_image=\u00a0\u00bbon\u00a0\u00bb background_image=\u00a0\u00bbhttps:\/\/violon-solo.ch\/wp-content\/uploads\/2023\/05\/atelier-fond-pour-contact.jpg\u00a0\u00bb parallax=\u00a0\u00bbon\u00a0\u00bb background_blend=\u00a0\u00bbcolor\u00a0\u00bb custom_padding=\u00a0\u00bb||0px|||\u00a0\u00bb background_last_edited=\u00a0\u00bbon|tablet\u00a0\u00bb background_color_gradient_direction_tablet=\u00a0\u00bb180deg\u00a0\u00bb collapsed=\u00a0\u00bbon\u00a0\u00bb global_colors_info=\u00a0\u00bb{}\u00a0\u00bb][et_pb_row column_structure=\u00a0\u00bb1_2,1_2&Prime; custom_padding_last_edited=\u00a0\u00bbon|desktop\u00a0\u00bb _builder_version=\u00a0\u00bb4.21.0&Prime; _module_preset=\u00a0\u00bbdefault\u00a0\u00bb background_color=\u00a0\u00bb#FFFFFF\u00a0\u00bb custom_padding=\u00a0\u00bb40px|40px|40px|40px|true|false\u00a0\u00bb custom_padding_tablet=\u00a0\u00bb|40px||40px|false|true\u00a0\u00bb custom_padding_phone=\u00a0\u00bb|20px||20px|false|true\u00a0\u00bb global_colors_info=\u00a0\u00bb{}\u00a0\u00bb][et_pb_column type=\u00a0\u00bb1_2&Prime; _builder_version=\u00a0\u00bb4.20.0&Prime; _module_preset=\u00a0\u00bbdefault\u00a0\u00bb custom_padding_tablet=\u00a0\u00bb|30px||30px|false|true\u00a0\u00bb custom_padding_phone=\u00a0\u00bb|20px||20px|false|true\u00a0\u00bb custom_padding_last_edited=\u00a0\u00bbon|tablet\u00a0\u00bb global_colors_info=\u00a0\u00bb{}\u00a0\u00bb][et_pb_text _builder_version=\u00a0\u00bb4.21.0&Prime; _module_preset=\u00a0\u00bb0b104cfb-3044-4ef6-a26a-b4377e4e8b58&Prime; header_font_size=\u00a0\u00bb42px\u00a0\u00bb global_colors_info=\u00a0\u00bb{}\u00a0\u00bb]<\/p>\n<h1>Heures d&rsquo;ouverture\u00a0<\/h1>\n<p>[\/et_pb_text][et_pb_text _builder_version=\u00a0\u00bb4.21.0&Prime; _module_preset=\u00a0\u00bbc7e99ed7-52d9-451c-a9ed-f9cd98aece9c\u00a0\u00bb global_colors_info=\u00a0\u00bb{}\u00a0\u00bb]<\/p>\n<p><strong>De mardi \u00e0 vendredi : de 14h \u00e0 17h <\/strong>(rendez-vous conseill\u00e9)<\/p>\n<p>En dehors de ces horaires : sur rendez-vous uniquement.<\/p>\n<p>[\/et_pb_text][et_pb_text _builder_version=\u00a0\u00bb4.21.0&Prime; _module_preset=\u00a0\u00bb0b104cfb-3044-4ef6-a26a-b4377e4e8b58&Prime; header_font_size=\u00a0\u00bb42px\u00a0\u00bb global_colors_info=\u00a0\u00bb{}\u00a0\u00bb]<\/p>\n<h1>Situation<\/h1>\n<p>[\/et_pb_text][et_pb_text _builder_version=\u00a0\u00bb4.21.0&Prime; _module_preset=\u00a0\u00bbc7e99ed7-52d9-451c-a9ed-f9cd98aece9c\u00a0\u00bb global_colors_info=\u00a0\u00bb{}\u00a0\u00bb]<\/p>\n<p>L&rsquo;atelier se situe \u00e0 c\u00f4t\u00e9 de la Gare, proche du Conservatoire et du Mus\u00e9e Jenisch.<\/p>\n<p><strong>Parkings :<\/strong> du March\u00e9 (100 m de l&rsquo;atelier), Saint-Antoine (100 m de l&rsquo;atelier), du Panorama (200 m de l&rsquo;atelier).<\/p>\n<p>[\/et_pb_text][\/et_pb_column][et_pb_column type=\u00a0\u00bb1_2&Prime; _builder_version=\u00a0\u00bb4.20.0&Prime; _module_preset=\u00a0\u00bbdefault\u00a0\u00bb global_colors_info=\u00a0\u00bb{}\u00a0\u00bb][et_pb_code _builder_version=\u00a0\u00bb4.21.0&Prime; _module_preset=\u00a0\u00bbdefault\u00a0\u00bb global_colors_info=\u00a0\u00bb{}\u00a0\u00bb]<iframe src=\"https:\/\/www.google.com\/maps\/embed?pb=!1m18!1m12!1m3!1d4622.109639676286!2d6.84014250203187!3d46.46211302785509!2m3!1f0!2f0!3f0!3m2!1i1024!2i768!4f13.1!3m3!1m2!1s0x478e9cd213e0dbc3%3A0x68b0fdd6c869091b!2sAv.%20de%20la%20Gare%2014%2C%201800%20Vevey%2C%20Suisse!5e0!3m2!1sfr!2sfr!4v1683127654653!5m2!1sfr!2sfr\" width=\"600\" height=\"450\" style=\"border:0;\" allowfullscreen=\"\" loading=\"lazy\" referrerpolicy=\"no-referrer-when-downgrade\"><\/iframe>[\/et_pb_code][\/et_pb_column][\/et_pb_row][\/et_pb_section][et_pb_section fb_built=\u00a0\u00bb1&Prime; admin_label=\u00a0\u00bbContact Info\u00a0\u00bb _builder_version=\u00a0\u00bb4.20.0&Prime; _module_preset=\u00a0\u00bbdefault\u00a0\u00bb collapsed=\u00a0\u00bbon\u00a0\u00bb global_colors_info=\u00a0\u00bb{}\u00a0\u00bb][et_pb_row column_structure=\u00a0\u00bb1_4,1_4,1_4,1_4&Prime; use_custom_gutter=\u00a0\u00bbon\u00a0\u00bb gutter_width=\u00a0\u00bb2&Prime; _builder_version=\u00a0\u00bb4.20.0&Prime; _module_preset=\u00a0\u00bbdefault\u00a0\u00bb global_colors_info=\u00a0\u00bb{}\u00a0\u00bb][et_pb_column type=\u00a0\u00bb1_4&Prime; _builder_version=\u00a0\u00bb4.20.0&Prime; _module_preset=\u00a0\u00bbdefault\u00a0\u00bb global_colors_info=\u00a0\u00bb{}\u00a0\u00bb][et_pb_icon font_icon=\u00a0\u00bb&#xf2b6;||fa||900&Prime; icon_color=\u00a0\u00bb#fe8329&Prime; icon_width=\u00a0\u00bb32px\u00a0\u00bb _builder_version=\u00a0\u00bb4.21.0&Prime; _module_preset=\u00a0\u00bbdefault\u00a0\u00bb global_colors_info=\u00a0\u00bb{}\u00a0\u00bb][\/et_pb_icon][et_pb_text _builder_version=\u00a0\u00bb4.21.0&Prime; _module_preset=\u00a0\u00bb716a96f3-4bff-461d-afad-aeb529eb779b\u00a0\u00bb text_text_color=\u00a0\u00bb#000000&Prime; text_font_size=\u00a0\u00bb18px\u00a0\u00bb link_text_color=\u00a0\u00bbgcid-606d042f-c90f-4ea6-97e7-7b08f1ba25f6&Prime; global_colors_info=\u00a0\u00bb{%22gcid-606d042f-c90f-4ea6-97e7-7b08f1ba25f6%22:%91%22link_text_color%22%93}\u00a0\u00bb]<\/p>\n<p style=\"text-align: center;\"><a href=\"mailto:info@violon-solo.ch\">info@violon-solo.ch<\/a><\/p>\n<p>[\/et_pb_text][\/et_pb_column][et_pb_column type=\u00a0\u00bb1_4&Prime; _builder_version=\u00a0\u00bb4.20.0&Prime; _module_preset=\u00a0\u00bbdefault\u00a0\u00bb global_colors_info=\u00a0\u00bb{}\u00a0\u00bb][et_pb_icon font_icon=\u00a0\u00bb&#xe090;||divi||400&Prime; icon_color=\u00a0\u00bbgcid-7a02f245-10cf-4ba2-ac73-385345b5f54a\u00a0\u00bb icon_width=\u00a0\u00bb32px\u00a0\u00bb _builder_version=\u00a0\u00bb4.21.0&Prime; _module_preset=\u00a0\u00bbdefault\u00a0\u00bb global_colors_info=\u00a0\u00bb{%22gcid-7a02f245-10cf-4ba2-ac73-385345b5f54a%22:%91%22icon_color%22%93}\u00a0\u00bb][\/et_pb_icon][et_pb_text _builder_version=\u00a0\u00bb4.21.0&Prime; _module_preset=\u00a0\u00bb716a96f3-4bff-461d-afad-aeb529eb779b\u00a0\u00bb text_text_color=\u00a0\u00bb#000000&Prime; text_font_size=\u00a0\u00bb18px\u00a0\u00bb link_text_color=\u00a0\u00bbgcid-606d042f-c90f-4ea6-97e7-7b08f1ba25f6&Prime; header_font_size=\u00a0\u00bb33px\u00a0\u00bb global_colors_info=\u00a0\u00bb{%22gcid-606d042f-c90f-4ea6-97e7-7b08f1ba25f6%22:%91%22link_text_color%22%93}\u00a0\u00bb]<\/p>\n<p style=\"text-align: center;\"><a href=\"tel:0219223191\">+41 (0)21 922 31 91<\/a><\/p>\n<p>[\/et_pb_text][\/et_pb_column][et_pb_column type=\u00a0\u00bb1_4&Prime; _builder_version=\u00a0\u00bb4.20.0&Prime; _module_preset=\u00a0\u00bbdefault\u00a0\u00bb global_colors_info=\u00a0\u00bb{}\u00a0\u00bb][et_pb_icon font_icon=\u00a0\u00bb&#xf3c5;||fa||900&Prime; icon_color=\u00a0\u00bbgcid-7a02f245-10cf-4ba2-ac73-385345b5f54a\u00a0\u00bb icon_width=\u00a0\u00bb32px\u00a0\u00bb _builder_version=\u00a0\u00bb4.21.0&Prime; _module_preset=\u00a0\u00bbdefault\u00a0\u00bb global_colors_info=\u00a0\u00bb{%22gcid-7a02f245-10cf-4ba2-ac73-385345b5f54a%22:%91%22icon_color%22%93}\u00a0\u00bb][\/et_pb_icon][et_pb_text _builder_version=\u00a0\u00bb4.21.0&Prime; _module_preset=\u00a0\u00bb716a96f3-4bff-461d-afad-aeb529eb779b\u00a0\u00bb text_text_color=\u00a0\u00bb#000000&Prime; text_font_size=\u00a0\u00bb18px\u00a0\u00bb link_text_color=\u00a0\u00bbgcid-606d042f-c90f-4ea6-97e7-7b08f1ba25f6&Prime; global_colors_info=\u00a0\u00bb{%22gcid-606d042f-c90f-4ea6-97e7-7b08f1ba25f6%22:%91%22link_text_color%22%93}\u00a0\u00bb]<\/p>\n<p style=\"text-align: center;\">Avenue de la Gare 14<br \/>CH-1800 Vevey<\/p>\n<p>[\/et_pb_text][\/et_pb_column][et_pb_column type=\u00a0\u00bb1_4&Prime; _builder_version=\u00a0\u00bb4.20.0&Prime; _module_preset=\u00a0\u00bbdefault\u00a0\u00bb global_colors_info=\u00a0\u00bb{}\u00a0\u00bb][et_pb_icon font_icon=\u00a0\u00bb&#xe06b;||divi||400&Prime; icon_color=\u00a0\u00bbgcid-7a02f245-10cf-4ba2-ac73-385345b5f54a\u00a0\u00bb icon_width=\u00a0\u00bb32px\u00a0\u00bb _builder_version=\u00a0\u00bb4.21.0&Prime; _module_preset=\u00a0\u00bbdefault\u00a0\u00bb global_colors_info=\u00a0\u00bb{%22gcid-7a02f245-10cf-4ba2-ac73-385345b5f54a%22:%91%22icon_color%22%93}\u00a0\u00bb][\/et_pb_icon][et_pb_text _builder_version=\u00a0\u00bb4.21.0&Prime; _module_preset=\u00a0\u00bb716a96f3-4bff-461d-afad-aeb529eb779b\u00a0\u00bb text_text_color=\u00a0\u00bb#000000&Prime; text_font_size=\u00a0\u00bb18px\u00a0\u00bb link_text_color=\u00a0\u00bbgcid-606d042f-c90f-4ea6-97e7-7b08f1ba25f6&Prime; hover_enabled=\u00a0\u00bb0&Prime; global_colors_info=\u00a0\u00bb{%22gcid-606d042f-c90f-4ea6-97e7-7b08f1ba25f6%22:%91%22link_text_color%22%93}\u00a0\u00bb sticky_enabled=\u00a0\u00bb0&Prime;]<\/p>\n<p style=\"text-align: center;\">Mardi &#8211; Vendredi : 14h-17h<br \/>Lundi : sur RDV<\/p>\n<div id=\"USE_CHAT_GPT_AI_ROOT\" style=\"display: none; z-index: -1; position: absolute; top: -10000px; left: -10000px; width: 1px; height: 1px; overflow: hidden; opacity: 0; pointer-events: none;\">usechatgpt init success<\/div>\n<p>[\/et_pb_text][\/et_pb_column][\/et_pb_row][\/et_pb_section]<\/p>\n","protected":false},"excerpt":{"rendered":"<p>Heures d&rsquo;ouverture\u00a0De mardi \u00e0 vendredi : de 14h \u00e0 17h (rendez-vous conseill\u00e9) En dehors de ces horaires : sur rendez-vous uniquement.SituationL&rsquo;atelier se situe \u00e0 c\u00f4t\u00e9 de la Gare, proche du Conservatoire et du Mus\u00e9e Jenisch. Parkings : du March\u00e9 (100 m de l&rsquo;atelier), Saint-Antoine (100 m de l&rsquo;atelier), du Panorama (200 m de l&rsquo;atelier).info@violon-solo.ch+41 (0)21 [&hellip;]<\/p>\n","protected":false},"author":1,"featured_media":0,"parent":0,"menu_order":0,"comment_status":"closed","ping_status":"closed","template":"","meta":{"_et_pb_use_builder":"on","_et_pb_old_content":"","_et_gb_content_width":"","footnotes":""},"class_list":["post-96","page","type-page","status-publish","hentry"],"lang":"fr","translations":{"fr":96},"pll_sync_post":[],"_links":{"self":[{"href":"https:\/\/violon-solo.ch\/index.php?rest_route=\/wp\/v2\/pages\/96","targetHints":{"allow":["GET"]}}],"collection":[{"href":"https:\/\/violon-solo.ch\/index.php?rest_route=\/wp\/v2\/pages"}],"about":[{"href":"https:\/\/violon-solo.ch\/index.php?rest_route=\/wp\/v2\/types\/page"}],"author":[{"embeddable":true,"href":"https:\/\/violon-solo.ch\/index.php?rest_route=\/wp\/v2\/users\/1"}],"replies":[{"embeddable":true,"href":"https:\/\/violon-solo.ch\/index.php?rest_route=%2Fwp%2Fv2%2Fcomments&post=96"}],"version-history":[{"count":5,"href":"https:\/\/violon-solo.ch\/index.php?rest_route=\/wp\/v2\/pages\/96\/revisions"}],"predecessor-version":[{"id":166,"href":"https:\/\/violon-solo.ch\/index.php?rest_route=\/wp\/v2\/pages\/96\/revisions\/166"}],"wp:attachment":[{"href":"https:\/\/violon-solo.ch\/index.php?rest_route=%2Fwp%2Fv2%2Fmedia&parent=96"}],"curies":[{"name":"wp","href":"https:\/\/api.w.org\/{rel}","templated":true}]}}